{"id":10472,"date":"2024-08-15T12:18:30","date_gmt":"2024-08-15T10:18:30","guid":{"rendered":"https:\/\/www.fincalavidaloca.com\/declaracion-de-privacidad\/"},"modified":"2026-01-03T14:32:59","modified_gmt":"2026-01-03T13:32:59","slug":"declaracion-de-privacidad","status":"publish","type":"page","link":"https:\/\/www.fincalavidaloca.com\/es\/declaracion-de-privacidad\/","title":{"rendered":"Declaraci\u00f3n de privacidad"},"content":{"rendered":"<p>[et_pb_section fb_built=\u00bb1&#8243; custom_padding_last_edited=\u00bbon|phone\u00bb _builder_version=\u00bb4.25.2&#8243; _module_preset=\u00bbdefault\u00bb custom_margin=\u00bb||||false|false\u00bb custom_padding=\u00bb||||false|false\u00bb custom_padding_tablet=\u00bb||||false|false\u00bb custom_padding_phone=\u00bb||0px||false|false\u00bb animation_style=\u00bbslide\u00bb animation_direction=\u00bbbottom\u00bb locked=\u00bboff\u00bb global_colors_info=\u00bb{}\u00bb][et_pb_row custom_padding_last_edited=\u00bbon|phone\u00bb _builder_version=\u00bb4.25.2&#8243; _module_preset=\u00bbdefault\u00bb width_tablet=\u00bb\u00bb width_phone=\u00bb93%\u00bb width_last_edited=\u00bbon|phone\u00bb custom_margin_phone=\u00bb||||false|false\u00bb custom_margin_last_edited=\u00bboff|desktop\u00bb custom_padding=\u00bb||||false|false\u00bb custom_padding_tablet=\u00bb||||false|false\u00bb custom_padding_phone=\u00bb||0px||false|false\u00bb global_colors_info=\u00bb{}\u00bb][et_pb_column type=\u00bb4_4&#8243; _builder_version=\u00bb4.27.0&#8243; _module_preset=\u00bbdefault\u00bb global_colors_info=\u00bb{}\u00bb][et_pb_text disabled_on=\u00bboff|off|off\u00bb _builder_version=\u00bb4.27.4&#8243; _module_preset=\u00bbdefault\u00bb text_font=\u00bbNanum Myeongjo||||||||\u00bb text_text_color=\u00bb#cccccc\u00bb text_font_size=\u00bb45px\u00bb text_letter_spacing=\u00bb-3px\u00bb text_line_height=\u00bb1.1em\u00bb header_2_font=\u00bbPlus Jakarta Sans||||||||\u00bb header_2_text_align=\u00bbcenter\u00bb header_2_text_color=\u00bb#d7d2c9&#8243; header_2_font_size=\u00bb50px\u00bb header_2_letter_spacing=\u00bb-3px\u00bb header_2_line_height=\u00bb1.1em\u00bb text_orientation=\u00bbcenter\u00bb text_font_size_tablet=\u00bb40px\u00bb text_font_size_phone=\u00bb30px\u00bb text_font_size_last_edited=\u00bbon|desktop\u00bb header_2_font_size_tablet=\u00bb50px\u00bb header_2_font_size_phone=\u00bb40px\u00bb header_2_font_size_last_edited=\u00bbon|phone\u00bb header_2_letter_spacing_tablet=\u00bb-3px\u00bb header_2_letter_spacing_phone=\u00bb-3px\u00bb header_2_letter_spacing_last_edited=\u00bbon|desktop\u00bb locked=\u00bboff\u00bb global_colors_info=\u00bb{}\u00bb]<\/p>\n<h2 style=\"text-align: left;\">Declaraci\u00f3n de privacidad<br \/><span style=\"font-family: Times New Roman, Georgia, serif !important; color: #cccccc; letter-spacing: 1px;\"><em>Finca La Vida Loca<\/em><\/span><\/h2>\n<p>[\/et_pb_text][\/et_pb_column][\/et_pb_row][et_pb_row use_custom_gutter=\u00bbon\u00bb gutter_width=\u00bb2&#8243; make_equal=\u00bbon\u00bb _builder_version=\u00bb4.27.0&#8243; _module_preset=\u00bbdefault\u00bb width_tablet=\u00bb\u00bb width_phone=\u00bb93%\u00bb width_last_edited=\u00bbon|phone\u00bb global_colors_info=\u00bb{}\u00bb][et_pb_column type=\u00bb4_4&#8243; _builder_version=\u00bb4.24.2&#8243; _module_preset=\u00bbdefault\u00bb animation_direction=\u00bbbottom\u00bb global_colors_info=\u00bb{}\u00bb][et_pb_text _builder_version=\u00bb4.27.4&#8243; _module_preset=\u00bbdefault\u00bb text_font=\u00bbPlus Jakarta Sans||||||||\u00bb text_text_color=\u00bb#919191&#8243; text_font_size=\u00bb17px\u00bb text_line_height=\u00bb2em\u00bb header_2_font=\u00bbNanum Myeongjo||||||||\u00bb header_2_text_align=\u00bbcenter\u00bb header_2_text_color=\u00bb#a5866f\u00bb header_2_font_size=\u00bb50px\u00bb header_2_letter_spacing=\u00bb-3px\u00bb header_2_line_height=\u00bb1.1em\u00bb header_3_font=\u00bbTimes New Roman||on||||||\u00bb header_3_text_align=\u00bbleft\u00bb header_3_text_color=\u00bb#cccccc\u00bb header_3_font_size=\u00bb50px\u00bb header_3_letter_spacing=\u00bb-3px\u00bb header_3_line_height=\u00bb1.1em\u00bb header_2_font_size_tablet=\u00bb50px\u00bb header_2_font_size_phone=\u00bb40px\u00bb header_2_font_size_last_edited=\u00bbon|phone\u00bb header_2_letter_spacing_tablet=\u00bb-3px\u00bb header_2_letter_spacing_phone=\u00bb-3px\u00bb header_2_letter_spacing_last_edited=\u00bbon|desktop\u00bb header_3_font_size_tablet=\u00bb50px\u00bb header_3_font_size_phone=\u00bb40px\u00bb header_3_font_size_last_edited=\u00bbon|phone\u00bb header_3_letter_spacing_tablet=\u00bb-3px\u00bb header_3_letter_spacing_phone=\u00bb-3px\u00bb header_3_letter_spacing_last_edited=\u00bbon|desktop\u00bb global_colors_info=\u00bb{}\u00bb]<\/p>\n<p>Esta es la declaraci\u00f3n de privacidad de Finca la vida loca situada en Benalm\u00e1dena Pueblo en el Camino del Amocafre en adelante: Finca La Vida Loca, www.fincalavidaloca.com.<\/p>\n<h3>Aplicabilidad<\/h3>\n<p>Esta declaraci\u00f3n de privacidad se aplica a toda la informaci\u00f3n sensible a la privacidad o a los datos personales que nos facilites, por ejemplo a trav\u00e9s de un formulario de registro, un formulario de contacto o los pedidos que realices. Concedemos gran importancia a la privacidad de nuestros clientes y, por tanto, ponemos el mayor cuidado posible en el tratamiento y la protecci\u00f3n de los datos personales. Tratamos los datos de acuerdo con las condiciones impuestas por el Reglamento General de Protecci\u00f3n de Datos (RGPD). Finca La Vida Loca es el responsable del tratamiento de datos en el sentido de la AVG con respecto al tratamiento de tus datos personales. Esto significa que s\u00f3lo nosotros determinamos qu\u00e9 datos personales se procesan, con qu\u00e9 fin y de qu\u00e9 manera. Somos responsables de garantizar que tus datos personales se procesan de forma adecuada y cuidadosa de acuerdo con la AVG. En esta declaraci\u00f3n de privacidad, explicamos qu\u00e9 datos procesamos y para qu\u00e9 fines se utilizan.<\/p>\n<h3>Resumen de datos personales<\/h3>\n<p>A continuaci\u00f3n encontrar\u00e1s un resumen de los datos personales que procesamos:<\/p>\n<ul>\n<li>Nombre y apellidos<\/li>\n<li>N\u00famero de tel\u00e9fono<\/li>\n<li>Direcci\u00f3n de correo electr\u00f3nico<\/li>\n<li>Direcci\u00f3n IP de un visitante del sitio web<\/li>\n<\/ul>\n<h3>Finalidad y bases del tratamiento de datos personales<\/h3>\n<p>Si no nos has dado tu consentimiento expl\u00edcito para procesar tus datos personales o si has retirado dicho consentimiento, pueden aplicarse al procesamiento de tus datos personales los art\u00edculos 6(1)(b), (c) y\/o (f) de la AVG. En este caso, el tratamiento de tus datos personales puede tener lugar sin tu consentimiento, siempre que sea necesario para la ejecuci\u00f3n de un contrato del que seas parte, o necesario para la protecci\u00f3n de los intereses leg\u00edtimos de Finca La Vida Loca. Adem\u00e1s, podemos tener la obligaci\u00f3n legal de procesar tus datos personales.<\/p>\n<p>Tratamos tus datos personales para los siguientes fines:<\/p>\n<ul>\n<li>Gesti\u00f3n de tu pago<\/li>\n<li>Env\u00edo de nuestro bolet\u00edn y\/o folleto publicitario<\/li>\n<li>Llamarte o enviarte un correo electr\u00f3nico si es necesario para realizar nuestros servicios<\/li>\n<li>Informarte de cambios en nuestros servicios y productos<\/li>\n<\/ul>\n<p>No conservaremos tus datos personales durante m\u00e1s tiempo del estrictamente necesario para cumplir los fines para los que se recogieron.<\/p>\n<h3>Divulgaci\u00f3n a terceros<\/h3>\n<p>Podemos compartir tus datos personales con terceros si ello es compatible con los fines mencionados anteriormente. La comunicaci\u00f3n a terceros puede ser necesaria para la ejecuci\u00f3n del acuerdo que suscribimos contigo, necesaria para perseguir un inter\u00e9s leg\u00edtimo nuestro o necesaria para cumplir cualquier obligaci\u00f3n legal que nos incumba. Celebramos un acuerdo de procesamiento con empresas que procesan tus datos en nuestro nombre para garantizar el mismo nivel de seguridad y confidencialidad de tus datos. Seguimos siendo responsables de este tratamiento. Aparte de las situaciones mencionadas, s\u00f3lo facilitamos tus datos personales a terceros con tu consentimiento expl\u00edcito.<\/p>\n<h3>Fines comerciales<\/h3>\n<p>Podemos utilizar tus datos personales con fines comerciales, por ejemplo para informarte m\u00e1s sobre nuestros servicios o sobre productos o servicios relevantes de organizaciones cuidadosamente seleccionadas. En ese caso, s\u00f3lo se te informar\u00e1 a la direcci\u00f3n de correo electr\u00f3nico que hayas registrado. Si no deseas recibir informaci\u00f3n sobre productos o servicios relevantes, puedes indicarlo f\u00e1cilmente haciendo clic en \u00abdarse de baja\u00bb en el correo electr\u00f3nico recibido.<\/p>\n<p>Tambi\u00e9n utilizamos tus datos personales para realizar estudios de mercado y optimizar nuestros servicios. En este contexto, tus datos personales se anonimizar\u00e1n y, por lo tanto, ya no podr\u00e1n ser rastreados hasta ti.<\/p>\n<p>Tus datos no se vender\u00e1n ni se compartir\u00e1n con terceros con fines comerciales, a menos que des tu consentimiento expl\u00edcito.<\/p>\n<h3>Cookies<\/h3>\n<p>Una cookie es un peque\u00f1o archivo de texto que se almacena en tu ordenador, tableta o smartphone la primera vez que visitas este sitio web. Puedes rechazar estas cookies configurando tu navegador de Internet para que no las almacene m\u00e1s. Tambi\u00e9n puedes eliminar cualquier informaci\u00f3n almacenada previamente a trav\u00e9s de la configuraci\u00f3n de tu navegador.<\/p>\n<p>Utilizamos las siguientes cookies:<\/p>\n<ul>\n<li>Cookies funcionales: son cookies necesarias para el funcionamiento t\u00e9cnico del sitio web y tu facilidad de uso.<br \/>Garantizan que el sitio web funcione correctamente y recuerdan tus preferencias, por ejemplo.<br \/>Tambi\u00e9n nos permiten optimizar nuestro sitio web.<br \/>Se trata de cookies anal\u00edticas que no invaden tu privacidad y para las que no necesitamos tu consentimiento previo.<\/li>\n<li>Google Analytics: este sitio web coloca cookies de la empresa estadounidense Google, como parte del servicio \u00abAnalytics\u00bb.<br \/>Finca La Vida Loca utiliza este servicio para obtener informes sobre c\u00f3mo se utiliza el sitio web y para medir su calidad y eficacia.<br \/>Utilizamos Google Analytics de la forma prescrita por la Autoridad de Datos Personales para entrar dentro de la excepci\u00f3n de la ley de cookies, lo que significa que no necesitamos tu consentimiento previo para utilizar Google Analytics.<\/li>\n<li>NID google.com Registra un ID \u00fanico que identifica el dispositivo de un usuario que vuelve.<br \/>El ID se utiliza para anuncios dirigidos.<br \/>6 meses Cookie HTTP<\/li>\n<li>_ga fincalavidaloca.com Registra un ID \u00fanico utilizado para generar datos estad\u00edsticos sobre c\u00f3mo los visitantes utilizan el sitio web.<br \/>2 a\u00f1os Cookie HTTP<\/li>\n<li>_gat fincalavidaloca.com Utilizada por Google Analytics para ralentizar la velocidad de b\u00fasqueda Cookie HTTP de sesi\u00f3n<\/li>\n<li>_gid fincalavidaloca.com Registra un ID \u00fanico utilizado para generar datos estad\u00edsticos sobre c\u00f3mo los visitantes utilizan el sitio web.<br \/>Cookie HTTP de sesi\u00f3n<\/li>\n<li>CookieConsentimiento fincalavidaloca.com Almacena el estado de la cookie del usuario para el dominio actual 1 a\u00f1o Cookie HTTP<\/li>\n<\/ul>\n<h3>Ver, corregir o eliminar<\/h3>\n<p>Tienes derecho a acceder a tus datos personales, rectificarlos o suprimirlos. Tambi\u00e9n tienes derecho a retirar tu posible consentimiento al tratamiento de datos u oponerte al tratamiento de tus datos personales. Tienes derecho a la transferencia de datos (\u00abportabilidad de datos\u00bb) si tenemos datos personales digitales que procesamos con tu consentimiento o procesamos para cumplir un acuerdo que hemos celebrado contigo.<\/p>\n<p>Esto significa que puedes solicitarnos que te enviemos a ti o a otra organizaci\u00f3n que t\u00fa designes los datos personales digitales que tenemos sobre ti en un archivo inform\u00e1tico legible.<\/p>\n<p>Puedes enviar una solicitud de acceso, rectificaci\u00f3n, supresi\u00f3n, portabilidad de tus datos personales o solicitar la revocaci\u00f3n de tu consentimiento u oposici\u00f3n al tratamiento de tus datos personales a info@fincalavidaloca.com.<\/p>\n<p>Para asegurarnos de que la solicitud de inspecci\u00f3n la has hecho t\u00fa, te pedimos que env\u00edes una copia de tu documento de identidad junto con la solicitud. En esta copia, tacha la foto de tu pasaporte, la MRZ (zona legible por m\u00e1quina, la franja de n\u00fameros en la parte inferior del pasaporte), el n\u00famero de pasaporte y el N\u00famero de Atenci\u00f3n al Ciudadano (BSN). Esto es para proteger tu intimidad. Responderemos a tu solicitud lo antes posible, pero en un plazo m\u00e1ximo de cuatro semanas.<\/p>\n<p>Tambi\u00e9n nos gustar\u00eda informarte de que tienes la opci\u00f3n de presentar una reclamaci\u00f3n ante el regulador nacional, la Autoridad de Datos Personales.<\/p>\n<h3>Ponte en contacto con<\/h3>\n<p>Nos tomamos en serio la protecci\u00f3n de tus datos y adoptamos las medidas adecuadas para contrarrestar el abuso, la p\u00e9rdida, el acceso no autorizado, la divulgaci\u00f3n no deseada y la modificaci\u00f3n no autorizada. Si tienes la impresi\u00f3n de que tus datos no est\u00e1n debidamente protegidos o hay indicios de uso indebido, ponte en contacto con nosotros en info@fincalavidaloca.com.<\/p>\n<p>[\/et_pb_text][\/et_pb_column][\/et_pb_row][\/et_pb_section][et_pb_section fb_built=\u00bb1&#8243; disabled_on=\u00bboff|off|off\u00bb module_class=\u00bbhero-custom-section\u00bb _builder_version=\u00bb4.27.0&#8243; _module_preset=\u00bbdefault\u00bb use_background_color_gradient=\u00bbon\u00bb background_color_gradient_stops=\u00bbrgba(215,210,201,0.75) 0%|#d7d2c9 100%\u00bb background_color_gradient_overlays_image=\u00bbon\u00bb custom_margin=\u00bb|10px||10px|false|false\u00bb custom_padding=\u00bb0px||0px||false|false\u00bb border_radii=\u00bboff|20px|20px||\u00bb box_shadow_style=\u00bbpreset1&#8243; saved_tabs=\u00bball\u00bb locked=\u00bboff\u00bb collapsed=\u00bboff\u00bb global_colors_info=\u00bb{}\u00bb][et_pb_row _builder_version=\u00bb4.24.2&#8243; _module_preset=\u00bbdefault\u00bb width=\u00bb100%\u00bb width_last_edited=\u00bboff|desktop\u00bb max_width=\u00bb100%\u00bb custom_padding=\u00bb|20px||20px|false|false\u00bb collapsed=\u00bboff\u00bb global_colors_info=\u00bb{}\u00bb][et_pb_column type=\u00bb4_4&#8243; _builder_version=\u00bb4.24.2&#8243; _module_preset=\u00bbdefault\u00bb global_colors_info=\u00bb{}\u00bb][et_pb_text _builder_version=\u00bb4.27.4&#8243; _module_preset=\u00bbdefault\u00bb text_font=\u00bbNanum Myeongjo||||||||\u00bb text_text_color=\u00bb#FFFFFF\u00bb text_font_size=\u00bb45px\u00bb text_letter_spacing=\u00bb-3px\u00bb text_line_height=\u00bb1.1em\u00bb header_2_font=\u00bbPlus Jakarta Sans||||||||\u00bb header_2_text_align=\u00bbleft\u00bb header_2_text_color=\u00bb#FFFFFF\u00bb header_2_font_size=\u00bb50px\u00bb header_2_letter_spacing=\u00bb-3px\u00bb header_2_line_height=\u00bb1.1em\u00bb text_font_size_tablet=\u00bb40px\u00bb text_font_size_phone=\u00bb30px\u00bb text_font_size_last_edited=\u00bbon|desktop\u00bb header_2_font_size_tablet=\u00bb50px\u00bb header_2_font_size_phone=\u00bb40px\u00bb header_2_font_size_last_edited=\u00bbon|phone\u00bb header_2_letter_spacing_tablet=\u00bb-3px\u00bb header_2_letter_spacing_phone=\u00bb-3px\u00bb header_2_letter_spacing_last_edited=\u00bbon|desktop\u00bb global_colors_info=\u00bb{}\u00bb]<\/p>\n<h2>Disfruta de unas vacaciones maravillosas<br \/><span style=\"font-family: Times New Roman, Georgia, serif !important; color: #ffffff; letter-spacing: 1px;\"><em>En nuestra encantadora Finca<\/em><\/span><\/h2>\n<p>[\/et_pb_text][\/et_pb_column][\/et_pb_row][et_pb_row column_structure=\u00bb2_5,3_5&#8243; use_custom_gutter=\u00bbon\u00bb gutter_width=\u00bb2&#8243; make_equal=\u00bbon\u00bb _builder_version=\u00bb4.27.0&#8243; _module_preset=\u00bbdefault\u00bb width=\u00bb100%\u00bb width_last_edited=\u00bboff|desktop\u00bb max_width=\u00bb100%\u00bb custom_padding=\u00bb|20px|0px|20px|false|false\u00bb border_radii=\u00bboff|1px|||\u00bb collapsed=\u00bboff\u00bb global_colors_info=\u00bb{}\u00bb width__hover_enabled=\u00bboff|desktop\u00bb locked=\u00bboff\u00bb][et_pb_column type=\u00bb2_5&#8243; _builder_version=\u00bb4.25.0&#8243; _module_preset=\u00bbdefault\u00bb background_color=\u00bbrgba(255,255,255,0.75)\u00bb custom_padding=\u00bb20px|20px|20px|20px|false|false\u00bb custom_css_main_element=\u00bbdisplay: flex;||flex-direction: column;||justify-content: center;\u00bb border_radii=\u00bbon|20px|20px|20px|20px\u00bb global_colors_info=\u00bb{}\u00bb][et_pb_text _builder_version=\u00bb4.27.4&#8243; _module_preset=\u00bbdefault\u00bb text_font=\u00bbPlus Jakarta Sans||||||||\u00bb text_text_color=\u00bb#919191&#8243; text_font_size=\u00bb17px\u00bb text_line_height=\u00bb2em\u00bb link_font=\u00bbPlus Jakarta Sans||||||||\u00bb link_text_color=\u00bb#919191&#8243; header_2_font=\u00bbPlus Jakarta Sans||||||||\u00bb header_2_text_align=\u00bbcenter\u00bb header_2_text_color=\u00bb#a5866f\u00bb header_2_font_size=\u00bb50px\u00bb header_2_letter_spacing=\u00bb-3px\u00bb header_2_line_height=\u00bb1.1em\u00bb text_orientation=\u00bbcenter\u00bb header_2_font_size_tablet=\u00bb50px\u00bb header_2_font_size_phone=\u00bb40px\u00bb header_2_font_size_last_edited=\u00bbon|phone\u00bb header_2_letter_spacing_tablet=\u00bb-3px\u00bb header_2_letter_spacing_phone=\u00bb-3px\u00bb header_2_letter_spacing_last_edited=\u00bbon|desktop\u00bb global_colors_info=\u00bb{}\u00bb]<strong><span style=\"color: #c4c1bc;\">Finca La Vida Loca<\/span><\/strong><br \/>\n29639 Benalm\u00e1dena Pueblo<br \/>\nM\u00e1laga, Espa\u00f1a<br \/>\n<span style=\"color: #c4c1bc;\"><i class=\"fa-solid fa-map-location-dot\"><\/i><\/span> <a href=\"https:\/\/www.google.com\/maps?ll=36.592794,-4.561991&#038;z=17&#038;t=m&#038;hl=es&#038;gl=BE&#038;mapclient=embed&#038;cid=2135814571653839641\" target=\"_blank\" rel=\"noopener noreferrer nofollow\">Ruta a nuestra Finca<\/a><\/p>\n<\/p>\n<p><span style=\"color: #c4c1bc;\"><i class=\"fa-solid fa-phone\"><\/i><\/span> 0032 476 25 25 45<br \/>\n<span style=\"color: #c4c1bc;\"><i class=\"fa-brands fa-whatsapp fa-lg\"><\/i><\/span> <a title=\"Env\u00edanos un mensaje\" href=\"https:\/\/wa.me\/32476252545?text=Querida, tengo una pregunta sobre tu alojamiento.\" target=\"_blank\" rel=\"noopener noreferrer nofollow\">\u00bfUna pregunta? Env\u00edanos un mensaje.<\/a><br \/>\n<span style=\"color: #c4c1bc;\"><i class=\"fa-solid fa-envelope\"><\/i><\/span> <a><script type=\"text\/javascript\">document.write('\\u0069\\u006e\\u0066\\u006f\\u0040\\u0066\\u0069\\u006e\\u0063\\u0061\\u006c\\u0061\\u0076\\u0069\\u0064\\u0061\\u006c\\u006f\\u0063\\u0061\\u002e\\u0063\\u006f\\u006d')<\/script><\/a><\/p>\n<p>[\/et_pb_text][et_pb_button button_url=\u00bbhttps:\/\/www.fincalavidaloca.com\/es\/contacto\u00bb button_text=\u00bbCONT\u00c1CTANOS\u00bb button_alignment=\u00bbcenter\u00bb _builder_version=\u00bb4.27.0&#8243; _module_preset=\u00bbdefault\u00bb custom_button=\u00bbon\u00bb button_text_color=\u00bb#FFFFFF\u00bb button_bg_color=\u00bb#d7d2c9&#8243; button_border_width=\u00bb0px\u00bb button_border_radius=\u00bb10px\u00bb button_letter_spacing=\u00bb0px\u00bb button_font=\u00bbPlus Jakarta Sans||||||||\u00bb button_icon=\u00bb&#xe03c;||divi||400&#8243; button_icon_placement=\u00bbleft\u00bb button_on_hover=\u00bboff\u00bb custom_margin=\u00bb||25px||false|false\u00bb custom_margin_tablet=\u00bb||25px||false|false\u00bb custom_margin_phone=\u00bb||25px||false|false\u00bb custom_margin_last_edited=\u00bbon|phone\u00bb custom_padding=\u00bb10px||10px||true|false\u00bb button_text_size_tablet=\u00bb\u00bb button_text_size_phone=\u00bb18px\u00bb button_text_size_last_edited=\u00bbon|phone\u00bb locked=\u00bboff\u00bb global_colors_info=\u00bb{}\u00bb transform_styles__hover_enabled=\u00bbon|hover\u00bb transform_scale__hover=\u00bb102%|102%\u00bb transform_scale__hover_enabled=\u00bbon|hover\u00bb transform_translate__hover_enabled=\u00bbon|desktop\u00bb transform_rotate__hover_enabled=\u00bbon|desktop\u00bb transform_skew__hover_enabled=\u00bbon|desktop\u00bb transform_origin__hover_enabled=\u00bbon|desktop\u00bb][\/et_pb_button][et_pb_text _builder_version=\u00bb4.27.5&#8243; _module_preset=\u00bbdefault\u00bb text_font=\u00bbPlus Jakarta Sans||||||||\u00bb text_text_color=\u00bb#919191&#8243; text_font_size=\u00bb17px\u00bb text_line_height=\u00bb2em\u00bb header_2_font=\u00bbPlus Jakarta Sans||||||||\u00bb header_2_text_align=\u00bbcenter\u00bb header_2_text_color=\u00bb#a5866f\u00bb header_2_font_size=\u00bb50px\u00bb header_2_letter_spacing=\u00bb-3px\u00bb header_2_line_height=\u00bb1.1em\u00bb text_orientation=\u00bbcenter\u00bb header_2_font_size_tablet=\u00bb50px\u00bb header_2_font_size_phone=\u00bb40px\u00bb header_2_font_size_last_edited=\u00bbon|phone\u00bb header_2_letter_spacing_tablet=\u00bb-3px\u00bb header_2_letter_spacing_phone=\u00bb-3px\u00bb header_2_letter_spacing_last_edited=\u00bbon|desktop\u00bb global_colors_info=\u00bb{}\u00bb]<a href=\"https:\/\/www.facebook.com\/fincalavidaloca\/\" target=\"_blank\" rel=\"nofollow noopener\"><i class=\"fa-brands fa-square-facebook fa-3x\" style=\"color: #d7d2c9;\"><\/i><\/a> <a href=\"https:\/\/www.instagram.com\/fincalavidaloca\/\" target=\"_blank\" rel=\"nofollow noopener\"><i class=\"fa-brands fa-square-instagram fa-3x\" style=\"color: #d7d2c9;\"><\/i><\/a><br \/><span style=\"font-size: 10px;\">ES B56575574<\/span><br \/><span style=\"font-size: 10px;\">\u00a9 2026 B&amp;B FINCA LA VIDA LOCA<\/span>[\/et_pb_text][\/et_pb_column][et_pb_column type=\u00bb3_5&#8243; _builder_version=\u00bb4.24.2&#8243; _module_preset=\u00bbdefault\u00bb custom_css_main_element=\u00bbdisplay: flex;||flex-direction: column;||justify-content: center;\u00bb global_colors_info=\u00bb{}\u00bb][et_pb_code disabled_on=\u00bbon|off|off\u00bb _builder_version=\u00bb4.27.4&#8243; _module_preset=\u00bbdefault\u00bb custom_margin=\u00bb||-7px||false|false\u00bb global_colors_info=\u00bb{}\u00bb]<iframe src=\"https:\/\/www.google.com\/maps\/embed?pb=!1m14!1m8!1m3!1d3203.4028847295185!2d-4.5645419!3d36.5926047!3m2!1i1024!2i768!4f13.1!3m3!1m2!1s0xd72fcb3566ac5dd%3A0x1da3f0097187bb19!2sFinca%20La%20Vida%20Loca!5e0!3m2!1ses!2sbe!4v1746815051092!5m2!1ses!2sbe\" width=\"100%\" height=\"550px\" style=\"border:0px;border-radius:20px\" allowfullscreen=\"\" loading=\"lazy\" referrerpolicy=\"no-referrer-when-downgrade\"><\/iframe>[\/et_pb_code][et_pb_code disabled_on=\u00bboff|on|on\u00bb _builder_version=\u00bb4.27.4&#8243; _module_preset=\u00bbdefault\u00bb custom_margin=\u00bb||-7px||false|false\u00bb global_colors_info=\u00bb{}\u00bb]<iframe src=\"https:\/\/www.google.com\/maps\/embed?pb=!1m14!1m8!1m3!1d3203.4028847295185!2d-4.5645419!3d36.5926047!3m2!1i1024!2i768!4f13.1!3m3!1m2!1s0xd72fcb3566ac5dd%3A0x1da3f0097187bb19!2sFinca%20La%20Vida%20Loca!5e0!3m2!1ses!2sbe!4v1746815051092!5m2!1ses!2sbe\" width=\"100%\" height=\"275px\" style=\"border:0px;border-radius:20px\" allowfullscreen=\"\" loading=\"lazy\" referrerpolicy=\"no-referrer-when-downgrade\"><\/iframe>[\/et_pb_code][\/et_pb_column][\/et_pb_row][et_pb_row _builder_version=\u00bb4.27.0&#8243; _module_preset=\u00bbdefault\u00bb width=\u00bb100%\u00bb max_width=\u00bb100%\u00bb custom_padding=\u00bb10px|20px|10px|20px|false|false\u00bb global_colors_info=\u00bb{}\u00bb][et_pb_column type=\u00bb4_4&#8243; _builder_version=\u00bb4.27.0&#8243; _module_preset=\u00bbdefault\u00bb global_colors_info=\u00bb{}\u00bb][et_pb_text _builder_version=\u00bb4.27.0&#8243; _module_preset=\u00bbdefault\u00bb text_font=\u00bbPlus Jakarta Sans||||||||\u00bb text_text_color=\u00bb#FFFFFF\u00bb link_font=\u00bbPlus Jakarta Sans||||||||\u00bb link_text_color=\u00bb#FFFFFF\u00bb global_colors_info=\u00bb{}\u00bb]<\/p>\n<p style=\"text-align: center;\"><span style=\"font-size: 10px;\"><a href=\"https:\/\/www.fincalavidaloca.com\/es\/condiciones-generales\/\">Condiciones generales<\/a> | <a href=\"https:\/\/www.fincalavidaloca.com\/es\/normativa-interna\/\">Reglamento interno<\/a> | <a href=\"https:\/\/www.fincalavidaloca.com\/es\/declaracion-de-privacidad\/\">Declaraci\u00f3n de privacidad<\/a><\/span><\/p>\n<p>[\/et_pb_text][\/et_pb_column][\/et_pb_row][\/et_pb_section]<\/p>\n","protected":false},"excerpt":{"rendered":"<p>Declaraci\u00f3n de privacidadFinca La Vida LocaEsta es la declaraci\u00f3n de privacidad de Finca la vida loca situada en Benalm\u00e1dena Pueblo en el Camino del Amocafre en adelante: Finca La Vida Loca, www.fincalavidaloca.com. Aplicabilidad Esta declaraci\u00f3n de privacidad se aplica a toda la informaci\u00f3n sensible a la privacidad o a los datos personales que nos facilites, [&hellip;]<\/p>\n","protected":false},"author":1,"featured_media":0,"parent":0,"menu_order":0,"comment_status":"closed","ping_status":"closed","template":"","meta":{"_et_pb_use_builder":"on","_et_pb_old_content":"","_et_gb_content_width":"","footnotes":""},"class_list":["post-10472","page","type-page","status-publish","hentry"],"_links":{"self":[{"href":"https:\/\/www.fincalavidaloca.com\/es\/wp-json\/wp\/v2\/pages\/10472","targetHints":{"allow":["GET"]}}],"collection":[{"href":"https:\/\/www.fincalavidaloca.com\/es\/wp-json\/wp\/v2\/pages"}],"about":[{"href":"https:\/\/www.fincalavidaloca.com\/es\/wp-json\/wp\/v2\/types\/page"}],"author":[{"embeddable":true,"href":"https:\/\/www.fincalavidaloca.com\/es\/wp-json\/wp\/v2\/users\/1"}],"replies":[{"embeddable":true,"href":"https:\/\/www.fincalavidaloca.com\/es\/wp-json\/wp\/v2\/comments?post=10472"}],"version-history":[{"count":12,"href":"https:\/\/www.fincalavidaloca.com\/es\/wp-json\/wp\/v2\/pages\/10472\/revisions"}],"predecessor-version":[{"id":12694,"href":"https:\/\/www.fincalavidaloca.com\/es\/wp-json\/wp\/v2\/pages\/10472\/revisions\/12694"}],"wp:attachment":[{"href":"https:\/\/www.fincalavidaloca.com\/es\/wp-json\/wp\/v2\/media?parent=10472"}],"curies":[{"name":"wp","href":"https:\/\/api.w.org\/{rel}","templated":true}]}}