{"id":10470,"date":"2024-04-29T20:31:09","date_gmt":"2024-04-29T18:31:09","guid":{"rendered":"https:\/\/www.fincalavidaloca.com\/sobre-nosotros\/"},"modified":"2026-01-03T14:12:31","modified_gmt":"2026-01-03T13:12:31","slug":"sobre-nosotros","status":"publish","type":"page","link":"https:\/\/www.fincalavidaloca.com\/es\/sobre-nosotros\/","title":{"rendered":"Sobre nosotros"},"content":{"rendered":"<p>[et_pb_section fb_built=\u00bb1&#8243; disabled_on=\u00bboff|off|off\u00bb admin_label=\u00bbSection\u00bb _builder_version=\u00bb4.25.2&#8243; _module_preset=\u00bbdefault\u00bb custom_margin=\u00bb|10px||10px|false|false\u00bb custom_padding=\u00bb0px||0px||false|false\u00bb animation_style=\u00bbfade\u00bb border_radii=\u00bboff|||20px|20px\u00bb box_shadow_style=\u00bbpreset1&#8243; locked=\u00bboff\u00bb global_colors_info=\u00bb{}\u00bb][et_pb_row column_structure=\u00bb2_3,1_3&#8243; use_custom_gutter=\u00bbon\u00bb gutter_width=\u00bb1&#8243; make_equal=\u00bbon\u00bb custom_padding_last_edited=\u00bbon|desktop\u00bb _builder_version=\u00bb4.27.0&#8243; _module_preset=\u00bbdefault\u00bb use_background_color_gradient=\u00bbon\u00bb background_color_gradient_direction=\u00bb90deg\u00bb background_color_gradient_stops=\u00bbrgba(124,124,124,0.2) 0%|rgba(255,255,255,0) 100%\u00bb background_color_gradient_overlays_image=\u00bbon\u00bb background_image=\u00bbhttps:\/\/www.fincalavidaloca.com\/wp-content\/uploads\/2024\/08\/banner_home_4.webp\u00bb width=\u00bb100%\u00bb max_width=\u00bb100%\u00bb min_height_tablet=\u00bb70vh\u00bb min_height_last_edited=\u00bboff|desktop\u00bb custom_margin=\u00bb||||false|false\u00bb custom_padding=\u00bb|0px||50px|false|false\u00bb custom_padding_tablet=\u00bb|40px|40px|40px|false|true\u00bb custom_padding_phone=\u00bb|20px|20px|20px|false|true\u00bb custom_css_main_element=\u00bbalign-items:center;||\u00bb border_radii=\u00bboff|||20px|20px\u00bb global_colors_info=\u00bb{}\u00bb][et_pb_column type=\u00bb2_3&#8243; _builder_version=\u00bb4.25.2&#8243; _module_preset=\u00bbdefault\u00bb global_colors_info=\u00bb{}\u00bb][et_pb_text _builder_version=\u00bb4.27.4&#8243; _module_preset=\u00bbdefault\u00bb text_font=\u00bbNanum Myeongjo||||||||\u00bb text_text_color=\u00bb#FFFFFF\u00bb text_font_size=\u00bb50px\u00bb text_letter_spacing=\u00bb-3px\u00bb text_line_height=\u00bb1.1em\u00bb header_font=\u00bbPlus Jakarta Sans||||||||\u00bb header_text_color=\u00bb#FFFFFF\u00bb header_font_size=\u00bb60px\u00bb header_letter_spacing=\u00bb-5px\u00bb header_line_height=\u00bb1.1em\u00bb custom_margin=\u00bb55vh||||false|false\u00bb custom_margin_tablet=\u00bb40vh||||false|false\u00bb custom_margin_phone=\u00bb30vh||||false|false\u00bb custom_margin_last_edited=\u00bbon|desktop\u00bb text_font_size_tablet=\u00bb40px\u00bb text_font_size_phone=\u00bb30px\u00bb text_font_size_last_edited=\u00bbon|phone\u00bb header_font_size_tablet=\u00bb50px\u00bb header_font_size_phone=\u00bb40px\u00bb header_font_size_last_edited=\u00bbon|desktop\u00bb header_letter_spacing_tablet=\u00bb-4px\u00bb header_letter_spacing_phone=\u00bb-2px\u00bb header_letter_spacing_last_edited=\u00bbon|tablet\u00bb locked=\u00bboff\u00bb global_colors_info=\u00bb{}\u00bb]<\/p>\n<h1>Sobre nosotros<br \/>\n<span style=\"font-family: Times New Roman, Georgia, serif !important; color: #ffffff; letter-spacing: 1px;\"><em>Y nuestro sue\u00f1o<\/em><\/span><\/h1>\n<p>[\/et_pb_text][\/et_pb_column][et_pb_column type=\u00bb1_3&#8243; _builder_version=\u00bb4.25.2&#8243; _module_preset=\u00bbdefault\u00bb global_colors_info=\u00bb{}\u00bb][\/et_pb_column][\/et_pb_row][\/et_pb_section][et_pb_section fb_built=\u00bb1&#8243; _builder_version=\u00bb4.25.0&#8243; _module_preset=\u00bbdefault\u00bb custom_margin=\u00bb||||false|false\u00bb animation_style=\u00bbslide\u00bb animation_direction=\u00bbbottom\u00bb locked=\u00bboff\u00bb global_colors_info=\u00bb{}\u00bb][et_pb_row _builder_version=\u00bb4.25.2&#8243; _module_preset=\u00bbdefault\u00bb width_tablet=\u00bb\u00bb width_phone=\u00bb93%\u00bb width_last_edited=\u00bbon|phone\u00bb global_colors_info=\u00bb{}\u00bb][et_pb_column type=\u00bb4_4&#8243; _builder_version=\u00bb4.24.2&#8243; _module_preset=\u00bbdefault\u00bb global_colors_info=\u00bb{}\u00bb][et_pb_text _builder_version=\u00bb4.27.4&#8243; _module_preset=\u00bbdefault\u00bb text_font=\u00bbNanum Myeongjo||||||||\u00bb text_text_color=\u00bb#cccccc\u00bb text_font_size=\u00bb45px\u00bb text_letter_spacing=\u00bb-3px\u00bb text_line_height=\u00bb1.1em\u00bb header_2_font=\u00bbPlus Jakarta Sans||||||||\u00bb header_2_text_align=\u00bbcenter\u00bb header_2_text_color=\u00bb#d7d2c9&#8243; header_2_font_size=\u00bb50px\u00bb header_2_letter_spacing=\u00bb-3px\u00bb header_2_line_height=\u00bb1.1em\u00bb text_orientation=\u00bbcenter\u00bb text_font_size_tablet=\u00bb40px\u00bb text_font_size_phone=\u00bb30px\u00bb text_font_size_last_edited=\u00bbon|desktop\u00bb header_2_font_size_tablet=\u00bb50px\u00bb header_2_font_size_phone=\u00bb40px\u00bb header_2_font_size_last_edited=\u00bbon|phone\u00bb header_2_letter_spacing_tablet=\u00bb-3px\u00bb header_2_letter_spacing_phone=\u00bb-3px\u00bb header_2_letter_spacing_last_edited=\u00bbon|desktop\u00bb locked=\u00bboff\u00bb global_colors_info=\u00bb{}\u00bb]<\/p>\n<h2 style=\"text-align: left;\">Somos Tim y Lieven,<br \/><span style=\"font-family: Times New Roman, Georgia, serif !important; color: #cccccc; letter-spacing: 1px;\"><em>los anfitriones de Finca La Vida Loca<\/em><\/span><\/h2>\n<p>[\/et_pb_text][\/et_pb_column][\/et_pb_row][et_pb_row use_custom_gutter=\u00bbon\u00bb gutter_width=\u00bb2&#8243; make_equal=\u00bbon\u00bb _builder_version=\u00bb4.25.2&#8243; _module_preset=\u00bbdefault\u00bb width_tablet=\u00bb\u00bb width_phone=\u00bb93%\u00bb width_last_edited=\u00bbon|phone\u00bb global_colors_info=\u00bb{}\u00bb][et_pb_column type=\u00bb4_4&#8243; _builder_version=\u00bb4.24.2&#8243; _module_preset=\u00bbdefault\u00bb animation_direction=\u00bbbottom\u00bb global_colors_info=\u00bb{}\u00bb][et_pb_text _builder_version=\u00bb4.27.0&#8243; _module_preset=\u00bbdefault\u00bb text_font=\u00bbPlus Jakarta Sans||||||||\u00bb text_text_color=\u00bb#919191&#8243; text_font_size=\u00bb17px\u00bb text_line_height=\u00bb2em\u00bb header_2_font=\u00bbPlus Jakarta Sans||||||||\u00bb header_2_text_align=\u00bbcenter\u00bb header_2_text_color=\u00bb#a5866f\u00bb header_2_font_size=\u00bb50px\u00bb header_2_letter_spacing=\u00bb-3px\u00bb header_2_line_height=\u00bb1.1em\u00bb header_2_font_size_tablet=\u00bb50px\u00bb header_2_font_size_phone=\u00bb40px\u00bb header_2_font_size_last_edited=\u00bbon|phone\u00bb header_2_letter_spacing_tablet=\u00bb-3px\u00bb header_2_letter_spacing_phone=\u00bb-3px\u00bb header_2_letter_spacing_last_edited=\u00bbon|desktop\u00bb global_colors_info=\u00bb{}\u00bb]<\/p>\n<p>Estimado invitado,<\/p>\n<p>Nosotros somos <span style=\"color: #c4c1bc;\"><strong>Tim y Lieven<\/strong><\/span>, <span style=\"color: #c4c1bc;\"><strong>los anfitriones de Finca La Vida Loca<\/strong><\/span> y te deseamos <span style=\"color: #c4c1bc;\"><strong>la bienvenida a<\/strong><\/span> \u00a1a nuestra hermosa Finca!<\/p>\n<p>Para ir al grano: siempre hemos sentido afici\u00f3n por la <span style=\"color: #c4c1bc;\"><strong>cultura espa\u00f1ola<\/strong><\/span>, <span style=\"color: #c4c1bc;\"><strong>la hospitalidad<\/strong><\/span> y por el pa\u00eds <span style=\"color: #c4c1bc;\"><strong>Espa\u00f1a en general<\/strong><\/span>.<br \/>Con nuestra <span style=\"color: #c4c1bc;\"><strong>formaci\u00f3n y a\u00f1os de experiencia en el sector de la hosteler\u00eda (m\u00e1s de 20 a\u00f1os)<\/strong><\/span> el aspecto \u00abhospitalidad\u00bb ya no nos es ajeno.<\/p>\n<p>Durante <span style=\"color: #c4c1bc;\"><strong>m\u00e1s de 10 a\u00f1os<\/strong><\/span> hemos operado en B\u00e9lgica, nuestro pa\u00eds natal, <span style=\"color: #c4c1bc;\"><strong>Brasserie &#8216;t Heerehuys<\/strong><\/span> funcionar\u00e1 con alma y coraz\u00f3n hasta <span style=\"color: #c4c1bc;\"><strong>a finales de 2023<\/strong><\/span> no pudimos resistirnos m\u00e1s a la atracci\u00f3n y <span style=\"color: #c4c1bc;\"><strong>nuestro sue\u00f1o finalmente se hizo realidad<\/strong><\/span>: <span style=\"color: #c4c1bc;\"><strong>nuestra propia Finca<\/strong><\/span> en el sur de Espa\u00f1a.<\/p>\n<p>Finca La Vida Loca se describe mejor como un <span style=\"color: #c4c1bc;\"><strong>lugar atmosf\u00e9rico para verdaderos bon vivants<\/strong><\/span>, <span style=\"color: #c4c1bc;\"><strong>un para\u00edso en la tierra con enormes posibilidades<\/strong><\/span>, <span style=\"color: #c4c1bc;\"><strong>tanto en verano como en invierno<\/strong><\/span>.<\/p>\n<p>Tanto si vienes a disfrutar de la <span style=\"color: #c4c1bc;\"><strong>naturaleza relajante<\/strong><\/span>las <span style=\"color: #c4c1bc;\"><strong>hermosas playas<\/strong><\/span> o bajo el <span style=\"color: #c4c1bc;\"><strong>sol radiante<\/strong><\/span> deportes, en Finca La Vida Loca hacemos que sea <span style=\"color: #c4c1bc;\"><strong>un punto de honor<\/strong><\/span> de asegurarnos <span style=\"color: #c4c1bc;\"><strong>que no te falte de nada<\/strong><\/span>.<\/p>\n<p>As\u00ed que no dejes de echar un vistazo a nuestro sitio web y descubrir lo que nuestra ubicaci\u00f3n \u00fanica puede ofrecerte.<br \/>\u00a1Esperamos darte la bienvenida a nuestra Finca!<\/p>\n<p>Saludos cordiales,<\/p>\n<p>Tim y Lieven<\/p>\n<p>[\/et_pb_text][\/et_pb_column][\/et_pb_row][\/et_pb_section][et_pb_section fb_built=\u00bb1&#8243; disabled_on=\u00bboff|off|off\u00bb module_class=\u00bbhero-custom-section\u00bb _builder_version=\u00bb4.27.0&#8243; _module_preset=\u00bbdefault\u00bb use_background_color_gradient=\u00bbon\u00bb background_color_gradient_stops=\u00bbrgba(215,210,201,0.75) 0%|#d7d2c9 100%\u00bb background_color_gradient_overlays_image=\u00bbon\u00bb custom_margin=\u00bb|10px||10px|false|false\u00bb custom_padding=\u00bb0px||0px||false|false\u00bb border_radii=\u00bboff|20px|20px||\u00bb box_shadow_style=\u00bbpreset1&#8243; global_module=\u00bb11119&#8243; saved_tabs=\u00bball\u00bb locked=\u00bboff\u00bb collapsed=\u00bboff\u00bb global_colors_info=\u00bb{}\u00bb][et_pb_row _builder_version=\u00bb4.24.2&#8243; _module_preset=\u00bbdefault\u00bb width=\u00bb100%\u00bb width_last_edited=\u00bboff|desktop\u00bb max_width=\u00bb100%\u00bb custom_padding=\u00bb|20px||20px|false|false\u00bb collapsed=\u00bboff\u00bb global_colors_info=\u00bb{}\u00bb][et_pb_column type=\u00bb4_4&#8243; _builder_version=\u00bb4.24.2&#8243; _module_preset=\u00bbdefault\u00bb global_colors_info=\u00bb{}\u00bb][et_pb_text _builder_version=\u00bb4.27.4&#8243; _module_preset=\u00bbdefault\u00bb text_font=\u00bbNanum Myeongjo||||||||\u00bb text_text_color=\u00bb#FFFFFF\u00bb text_font_size=\u00bb45px\u00bb text_letter_spacing=\u00bb-3px\u00bb text_line_height=\u00bb1.1em\u00bb header_2_font=\u00bbPlus Jakarta Sans||||||||\u00bb header_2_text_align=\u00bbleft\u00bb header_2_text_color=\u00bb#FFFFFF\u00bb header_2_font_size=\u00bb50px\u00bb header_2_letter_spacing=\u00bb-3px\u00bb header_2_line_height=\u00bb1.1em\u00bb text_font_size_tablet=\u00bb40px\u00bb text_font_size_phone=\u00bb30px\u00bb text_font_size_last_edited=\u00bbon|desktop\u00bb header_2_font_size_tablet=\u00bb50px\u00bb header_2_font_size_phone=\u00bb40px\u00bb header_2_font_size_last_edited=\u00bbon|phone\u00bb header_2_letter_spacing_tablet=\u00bb-3px\u00bb header_2_letter_spacing_phone=\u00bb-3px\u00bb header_2_letter_spacing_last_edited=\u00bbon|desktop\u00bb global_colors_info=\u00bb{}\u00bb]<\/p>\n<h2>Disfruta de unas vacaciones maravillosas<br \/><span style=\"font-family: Times New Roman, Georgia, serif !important; color: #ffffff; letter-spacing: 1px;\"><em>En nuestra encantadora Finca<\/em><\/span><\/h2>\n<p>[\/et_pb_text][\/et_pb_column][\/et_pb_row][et_pb_row column_structure=\u00bb2_5,3_5&#8243; use_custom_gutter=\u00bbon\u00bb gutter_width=\u00bb2&#8243; make_equal=\u00bbon\u00bb _builder_version=\u00bb4.27.0&#8243; _module_preset=\u00bbdefault\u00bb width=\u00bb100%\u00bb width_last_edited=\u00bboff|desktop\u00bb max_width=\u00bb100%\u00bb custom_padding=\u00bb|20px|0px|20px|false|false\u00bb border_radii=\u00bboff|1px|||\u00bb collapsed=\u00bboff\u00bb global_colors_info=\u00bb{}\u00bb width__hover_enabled=\u00bboff|desktop\u00bb][et_pb_column type=\u00bb2_5&#8243; _builder_version=\u00bb4.25.0&#8243; _module_preset=\u00bbdefault\u00bb background_color=\u00bbrgba(255,255,255,0.75)\u00bb custom_padding=\u00bb20px|20px|20px|20px|false|false\u00bb custom_css_main_element=\u00bbdisplay: flex;||flex-direction: column;||justify-content: center;\u00bb border_radii=\u00bbon|20px|20px|20px|20px\u00bb global_colors_info=\u00bb{}\u00bb][et_pb_text _builder_version=\u00bb4.27.4&#8243; _module_preset=\u00bbdefault\u00bb text_font=\u00bbPlus Jakarta Sans||||||||\u00bb text_text_color=\u00bb#919191&#8243; text_font_size=\u00bb17px\u00bb text_line_height=\u00bb2em\u00bb link_font=\u00bbPlus Jakarta Sans||||||||\u00bb link_text_color=\u00bb#919191&#8243; header_2_font=\u00bbPlus Jakarta Sans||||||||\u00bb header_2_text_align=\u00bbcenter\u00bb header_2_text_color=\u00bb#a5866f\u00bb header_2_font_size=\u00bb50px\u00bb header_2_letter_spacing=\u00bb-3px\u00bb header_2_line_height=\u00bb1.1em\u00bb text_orientation=\u00bbcenter\u00bb header_2_font_size_tablet=\u00bb50px\u00bb header_2_font_size_phone=\u00bb40px\u00bb header_2_font_size_last_edited=\u00bbon|phone\u00bb header_2_letter_spacing_tablet=\u00bb-3px\u00bb header_2_letter_spacing_phone=\u00bb-3px\u00bb header_2_letter_spacing_last_edited=\u00bbon|desktop\u00bb global_colors_info=\u00bb{}\u00bb]<strong><span style=\"color: #c4c1bc;\">Finca La Vida Loca<\/span><\/strong><br \/>\n29639 Benalm\u00e1dena Pueblo<br \/>\nM\u00e1laga, Espa\u00f1a<br \/>\n<span style=\"color: #c4c1bc;\"><i class=\"fa-solid fa-map-location-dot\"><\/i><\/span> <a href=\"https:\/\/www.google.com\/maps?ll=36.592794,-4.561991&#038;z=17&#038;t=m&#038;hl=es&#038;gl=BE&#038;mapclient=embed&#038;cid=2135814571653839641\" target=\"_blank\" rel=\"noopener noreferrer nofollow\">Ruta a nuestra Finca<\/a><\/p>\n<\/p>\n<p><span style=\"color: #c4c1bc;\"><i class=\"fa-solid fa-phone\"><\/i><\/span> 0032 476 25 25 45<br \/>\n<span style=\"color: #c4c1bc;\"><i class=\"fa-brands fa-whatsapp fa-lg\"><\/i><\/span> <a title=\"Env\u00edanos un mensaje\" href=\"https:\/\/wa.me\/32476252545?text=Querida, tengo una pregunta sobre tu alojamiento.\" target=\"_blank\" rel=\"noopener noreferrer nofollow\">\u00bfUna pregunta? Env\u00edanos un mensaje.<\/a><br \/>\n<span style=\"color: #c4c1bc;\"><i class=\"fa-solid fa-envelope\"><\/i><\/span> <a><script type=\"text\/javascript\">document.write('\\u0069\\u006e\\u0066\\u006f\\u0040\\u0066\\u0069\\u006e\\u0063\\u0061\\u006c\\u0061\\u0076\\u0069\\u0064\\u0061\\u006c\\u006f\\u0063\\u0061\\u002e\\u0063\\u006f\\u006d')<\/script><\/a><\/p>\n<p>[\/et_pb_text][et_pb_button button_url=\u00bbhttps:\/\/www.fincalavidaloca.com\/es\/contacto\u00bb button_text=\u00bbCONT\u00c1CTANOS\u00bb button_alignment=\u00bbcenter\u00bb _builder_version=\u00bb4.27.0&#8243; _module_preset=\u00bbdefault\u00bb custom_button=\u00bbon\u00bb button_text_color=\u00bb#FFFFFF\u00bb button_bg_color=\u00bb#d7d2c9&#8243; button_border_width=\u00bb0px\u00bb button_border_radius=\u00bb10px\u00bb button_letter_spacing=\u00bb0px\u00bb button_font=\u00bbPlus Jakarta Sans||||||||\u00bb button_icon=\u00bb&#xe03c;||divi||400&#8243; button_icon_placement=\u00bbleft\u00bb button_on_hover=\u00bboff\u00bb custom_margin=\u00bb||25px||false|false\u00bb custom_margin_tablet=\u00bb||25px||false|false\u00bb custom_margin_phone=\u00bb||25px||false|false\u00bb custom_margin_last_edited=\u00bbon|phone\u00bb custom_padding=\u00bb10px||10px||true|false\u00bb button_text_size_tablet=\u00bb\u00bb button_text_size_phone=\u00bb18px\u00bb button_text_size_last_edited=\u00bbon|phone\u00bb locked=\u00bboff\u00bb global_colors_info=\u00bb{}\u00bb transform_styles__hover_enabled=\u00bbon|hover\u00bb transform_scale__hover=\u00bb102%|102%\u00bb transform_scale__hover_enabled=\u00bbon|hover\u00bb transform_translate__hover_enabled=\u00bbon|desktop\u00bb transform_rotate__hover_enabled=\u00bbon|desktop\u00bb transform_skew__hover_enabled=\u00bbon|desktop\u00bb transform_origin__hover_enabled=\u00bbon|desktop\u00bb][\/et_pb_button][et_pb_text _builder_version=\u00bb4.27.5&#8243; _module_preset=\u00bbdefault\u00bb text_font=\u00bbPlus Jakarta Sans||||||||\u00bb text_text_color=\u00bb#919191&#8243; text_font_size=\u00bb17px\u00bb text_line_height=\u00bb2em\u00bb header_2_font=\u00bbPlus Jakarta Sans||||||||\u00bb header_2_text_align=\u00bbcenter\u00bb header_2_text_color=\u00bb#a5866f\u00bb header_2_font_size=\u00bb50px\u00bb header_2_letter_spacing=\u00bb-3px\u00bb header_2_line_height=\u00bb1.1em\u00bb text_orientation=\u00bbcenter\u00bb hover_enabled=\u00bb0&#8243; header_2_font_size_tablet=\u00bb50px\u00bb header_2_font_size_phone=\u00bb40px\u00bb header_2_font_size_last_edited=\u00bbon|phone\u00bb header_2_letter_spacing_tablet=\u00bb-3px\u00bb header_2_letter_spacing_phone=\u00bb-3px\u00bb header_2_letter_spacing_last_edited=\u00bbon|desktop\u00bb global_colors_info=\u00bb{}\u00bb sticky_enabled=\u00bb0&#8243;]<a href=\"https:\/\/www.facebook.com\/fincalavidaloca\/\" target=\"_blank\" rel=\"nofollow noopener\"><i class=\"fa-brands fa-square-facebook fa-3x\" style=\"color: #d7d2c9;\"><\/i><\/a> <a href=\"https:\/\/www.instagram.com\/fincalavidaloca\/\" target=\"_blank\" rel=\"nofollow noopener\"><i class=\"fa-brands fa-square-instagram fa-3x\" style=\"color: #d7d2c9;\"><\/i><\/a><br \/><span style=\"font-size: 10px;\">ES B56575574<\/span><br \/><span style=\"font-size: 10px;\">\u00a9 2026 B&amp;B FINCA LA VIDA LOCA<\/span>[\/et_pb_text][\/et_pb_column][et_pb_column type=\u00bb3_5&#8243; _builder_version=\u00bb4.24.2&#8243; _module_preset=\u00bbdefault\u00bb custom_css_main_element=\u00bbdisplay: flex;||flex-direction: column;||justify-content: center;\u00bb global_colors_info=\u00bb{}\u00bb][et_pb_code disabled_on=\u00bbon|off|off\u00bb _builder_version=\u00bb4.27.4&#8243; _module_preset=\u00bbdefault\u00bb custom_margin=\u00bb||-7px||false|false\u00bb global_colors_info=\u00bb{}\u00bb]<iframe src=\"https:\/\/www.google.com\/maps\/embed?pb=!1m14!1m8!1m3!1d3203.4028847295185!2d-4.5645419!3d36.5926047!3m2!1i1024!2i768!4f13.1!3m3!1m2!1s0xd72fcb3566ac5dd%3A0x1da3f0097187bb19!2sFinca%20La%20Vida%20Loca!5e0!3m2!1ses!2sbe!4v1746815051092!5m2!1ses!2sbe\" width=\"100%\" height=\"550px\" style=\"border:0px;border-radius:20px\" allowfullscreen=\"\" loading=\"lazy\" referrerpolicy=\"no-referrer-when-downgrade\"><\/iframe>[\/et_pb_code][et_pb_code disabled_on=\u00bboff|on|on\u00bb _builder_version=\u00bb4.27.4&#8243; _module_preset=\u00bbdefault\u00bb custom_margin=\u00bb||-7px||false|false\u00bb global_colors_info=\u00bb{}\u00bb]<iframe src=\"https:\/\/www.google.com\/maps\/embed?pb=!1m14!1m8!1m3!1d3203.4028847295185!2d-4.5645419!3d36.5926047!3m2!1i1024!2i768!4f13.1!3m3!1m2!1s0xd72fcb3566ac5dd%3A0x1da3f0097187bb19!2sFinca%20La%20Vida%20Loca!5e0!3m2!1ses!2sbe!4v1746815051092!5m2!1ses!2sbe\" width=\"100%\" height=\"275px\" style=\"border:0px;border-radius:20px\" allowfullscreen=\"\" loading=\"lazy\" referrerpolicy=\"no-referrer-when-downgrade\"><\/iframe>[\/et_pb_code][\/et_pb_column][\/et_pb_row][et_pb_row _builder_version=\u00bb4.27.0&#8243; _module_preset=\u00bbdefault\u00bb width=\u00bb100%\u00bb max_width=\u00bb100%\u00bb custom_padding=\u00bb10px|20px|10px|20px|false|false\u00bb global_colors_info=\u00bb{}\u00bb][et_pb_column type=\u00bb4_4&#8243; _builder_version=\u00bb4.27.0&#8243; _module_preset=\u00bbdefault\u00bb global_colors_info=\u00bb{}\u00bb][et_pb_text _builder_version=\u00bb4.27.4&#8243; _module_preset=\u00bbdefault\u00bb text_font=\u00bbPlus Jakarta Sans||||||||\u00bb text_text_color=\u00bb#FFFFFF\u00bb link_font=\u00bbPlus Jakarta Sans||||||||\u00bb link_text_color=\u00bb#FFFFFF\u00bb locked=\u00bboff\u00bb global_colors_info=\u00bb{}\u00bb]<a href=\"https:\/\/www.facebook.com\/fincalavidaloca\/\" target=\"_blank\" rel=\"nofollow noopener\"><i class=\"fa-brands fa-square-facebook fa-3x\" style=\"color: #d7d2c9;\"><\/i><\/a> <a href=\"https:\/\/www.instagram.com\/fincalavidaloca\/\" target=\"_blank\" rel=\"nofollow noopener\"><i class=\"fa-brands fa-square-instagram fa-3x\" style=\"color: #d7d2c9;\"><\/i><\/a><br \/><span style=\"font-size: 10px;\">ES B56575574<\/span><br \/><span style=\"font-size: 10px;\">\u00a9 2025 B&amp;B FINCA LA VIDA LOCA<\/span>[\/et_pb_text][\/et_pb_column][\/et_pb_row][\/et_pb_section]<\/p>\n","protected":false},"excerpt":{"rendered":"<p>Sobre nosotros Y nuestro sue\u00f1oSomos Tim y Lieven,los anfitriones de Finca La Vida LocaEstimado invitado, Nosotros somos Tim y Lieven, los anfitriones de Finca La Vida Loca y te deseamos la bienvenida a \u00a1a nuestra hermosa Finca! Para ir al grano: siempre hemos sentido afici\u00f3n por la cultura espa\u00f1ola, la hospitalidad y por el pa\u00eds [&hellip;]<\/p>\n","protected":false},"author":1,"featured_media":0,"parent":0,"menu_order":0,"comment_status":"closed","ping_status":"closed","template":"","meta":{"_et_pb_use_builder":"on","_et_pb_old_content":"","_et_gb_content_width":"","footnotes":""},"class_list":["post-10470","page","type-page","status-publish","hentry"],"_links":{"self":[{"href":"https:\/\/www.fincalavidaloca.com\/es\/wp-json\/wp\/v2\/pages\/10470","targetHints":{"allow":["GET"]}}],"collection":[{"href":"https:\/\/www.fincalavidaloca.com\/es\/wp-json\/wp\/v2\/pages"}],"about":[{"href":"https:\/\/www.fincalavidaloca.com\/es\/wp-json\/wp\/v2\/types\/page"}],"author":[{"embeddable":true,"href":"https:\/\/www.fincalavidaloca.com\/es\/wp-json\/wp\/v2\/users\/1"}],"replies":[{"embeddable":true,"href":"https:\/\/www.fincalavidaloca.com\/es\/wp-json\/wp\/v2\/comments?post=10470"}],"version-history":[{"count":10,"href":"https:\/\/www.fincalavidaloca.com\/es\/wp-json\/wp\/v2\/pages\/10470\/revisions"}],"predecessor-version":[{"id":12638,"href":"https:\/\/www.fincalavidaloca.com\/es\/wp-json\/wp\/v2\/pages\/10470\/revisions\/12638"}],"wp:attachment":[{"href":"https:\/\/www.fincalavidaloca.com\/es\/wp-json\/wp\/v2\/media?parent=10470"}],"curies":[{"name":"wp","href":"https:\/\/api.w.org\/{rel}","templated":true}]}}